{"id":5992,"date":"2025-10-09T15:31:03","date_gmt":"2025-10-09T13:31:03","guid":{"rendered":"https:\/\/www.isadorable-event.com\/?page_id=5992"},"modified":"2026-02-15T16:09:27","modified_gmt":"2026-02-15T15:09:27","slug":"actualite","status":"publish","type":"page","link":"https:\/\/www.isadorable-event.com\/index.php\/actualite\/","title":{"rendered":"Actualit\u00e9"},"content":{"rendered":"<p><div class=\"fusion-fullwidth fullwidth-box fusion-builder-row-1 fusion-flex-container has-pattern-background has-mask-background nonhundred-percent-fullwidth non-hundred-percent-height-scrolling\" style=\"--awb-border-radius-top-left:0px;--awb-border-radius-top-right:0px;--awb-border-radius-bottom-right:0px;--awb-border-radius-bottom-left:0px;--awb-padding-top:4vw;--awb-padding-right:30px;--awb-padding-bottom:2vw;--awb-padding-left:30px;--awb-padding-top-medium:40px;--awb-padding-right-medium:30px;--awb-padding-bottom-medium:40px;--awb-padding-left-medium:30px;--awb-padding-top-small:20px;--awb-padding-right-small:15px;--awb-padding-bottom-small:20px;--awb-padding-left-small:15px;--awb-margin-top:0px;--awb-margin-bottom:0px;--awb-margin-top-medium:0px;--awb-margin-bottom-medium:0px;--awb-margin-top-small:0px;--awb-margin-bottom-small:0px;--awb-background-color:#ffffff;--awb-flex-wrap:wrap;\" ><div class=\"fusion-builder-row fusion-row fusion-flex-align-items-flex-start fusion-flex-content-wrap\" style=\"max-width:1216.8px;margin-left: calc(-4% \/ 2 );margin-right: calc(-4% \/ 2 );\"><div class=\"fusion-layout-column fusion_builder_column fusion-builder-column-0 fusion_builder_column_1_1 1_1 fusion-flex-column\" style=\"--awb-padding-top-medium:0px;--awb-padding-right-medium:0px;--awb-padding-bottom-medium:0px;--awb-padding-left-medium:0px;--awb-padding-top-small:0px;--awb-padding-right-small:0px;--awb-padding-bottom-small:0px;--awb-padding-left-small:0px;--awb-bg-size:cover;--awb-width-large:100%;--awb-margin-top-large:0px;--awb-spacing-right-large:1.92%;--awb-margin-bottom-large:0px;--awb-spacing-left-large:1.92%;--awb-width-medium:100%;--awb-order-medium:0;--awb-margin-top-medium:0px;--awb-spacing-right-medium:1.92%;--awb-margin-bottom-medium:0px;--awb-spacing-left-medium:1.92%;--awb-width-small:100%;--awb-order-small:0;--awb-margin-top-small:0px;--awb-spacing-right-small:1.92%;--awb-margin-bottom-small:0px;--awb-spacing-left-small:1.92%;\" data-scroll-devices=\"small-visibility,medium-visibility,large-visibility\"><div class=\"fusion-column-wrapper fusion-column-has-shadow fusion-flex-justify-content-flex-start fusion-content-layout-column\"><div class=\"fusion-text fusion-text-1 fusion-text-no-margin\" style=\"--awb-content-alignment:center;--awb-font-size:18px;--awb-line-height:18px;--awb-letter-spacing:0px;--awb-text-color:#666666;--awb-margin-top:0px;--awb-margin-right:0px;--awb-margin-bottom:0px;--awb-margin-left:0px;--awb-text-font-family:&quot;georgia regular italic&quot;;--awb-text-font-style:normal;--awb-text-font-weight:400;\"><p>Actualit\u00e9 &amp;<\/p>\n<\/div><div class=\"fusion-title title fusion-title-1 fusion-title-center fusion-title-text fusion-title-size-one\" style=\"--awb-text-color:#000000;--awb-margin-right:0px;--awb-margin-left:0px;--awb-margin-right-small:0px;--awb-margin-bottom-small:30px;--awb-margin-left-small:0px;--awb-margin-top-medium:0px;--awb-margin-right-medium:0px;--awb-margin-bottom-medium:30px;--awb-margin-left-medium:0px;--awb-font-size:42px;\"><div class=\"title-sep-container title-sep-container-left\"><div class=\"title-sep sep- sep-solid\" style=\"border-color:var(--awb-color3);\"><\/div><\/div><span class=\"awb-title-spacer\"><\/span><h1 class=\"fusion-title-heading title-heading-center fusion-responsive-typography-calculated\" style=\"font-family:&quot;Noto Serif&quot;;font-style:normal;font-weight:400;margin:0;font-size:1em;letter-spacing:0px;text-transform:uppercase;--fontSize:42;line-height:1.05;\"><p style=\"margin-top: 0px !important;\">Partage<\/p><\/h1><span class=\"awb-title-spacer\"><\/span><div class=\"title-sep-container title-sep-container-right\"><div class=\"title-sep sep- sep-solid\" style=\"border-color:var(--awb-color3);\"><\/div><\/div><\/div><\/div><\/div><\/div><\/div><div class=\"fusion-fullwidth fullwidth-box fusion-builder-row-2 fusion-flex-container has-pattern-background has-mask-background nonhundred-percent-fullwidth non-hundred-percent-height-scrolling\" style=\"--awb-border-radius-top-left:0px;--awb-border-radius-top-right:0px;--awb-border-radius-bottom-right:0px;--awb-border-radius-bottom-left:0px;--awb-padding-top:4vw;--awb-padding-right:30px;--awb-padding-bottom:4vw;--awb-padding-left:30px;--awb-padding-top-medium:40px;--awb-padding-right-medium:30px;--awb-padding-bottom-medium:40px;--awb-padding-left-medium:30px;--awb-padding-top-small:20px;--awb-padding-right-small:15px;--awb-padding-bottom-small:20px;--awb-padding-left-small:15px;--awb-margin-top:0px;--awb-margin-bottom:0px;--awb-margin-top-medium:0px;--awb-margin-bottom-medium:0px;--awb-margin-top-small:0px;--awb-margin-bottom-small:0px;--awb-background-color:#efefef;--awb-flex-wrap:wrap;\" ><div class=\"fusion-builder-row fusion-row fusion-flex-align-items-flex-start fusion-flex-content-wrap\" style=\"max-width:1216.8px;margin-left: calc(-4% \/ 2 );margin-right: calc(-4% \/ 2 );\"><div class=\"fusion-layout-column fusion_builder_column fusion-builder-column-1 fusion_builder_column_1_1 1_1 fusion-flex-column fusion-flex-align-self-flex-end\" style=\"--awb-padding-top-medium:0px;--awb-padding-right-medium:0px;--awb-padding-bottom-medium:0px;--awb-padding-left-medium:0px;--awb-padding-top-small:0px;--awb-padding-right-small:0px;--awb-padding-bottom-small:0px;--awb-padding-left-small:0px;--awb-bg-size:cover;--awb-width-large:100%;--awb-margin-top-large:0px;--awb-spacing-right-large:1.92%;--awb-margin-bottom-large:0px;--awb-spacing-left-large:1.92%;--awb-width-medium:70%;--awb-order-medium:0;--awb-margin-top-medium:0px;--awb-spacing-right-medium:2.7428571428571%;--awb-margin-bottom-medium:0px;--awb-spacing-left-medium:2.7428571428571%;--awb-width-small:100%;--awb-order-small:0;--awb-margin-top-small:0px;--awb-spacing-right-small:1.92%;--awb-margin-bottom-small:0px;--awb-spacing-left-small:1.92%;\" data-scroll-devices=\"small-visibility,medium-visibility,large-visibility\"><div class=\"fusion-column-wrapper fusion-column-has-shadow fusion-flex-justify-content-flex-end fusion-content-layout-column\"><div class=\"fusion-post-cards fusion-post-cards-1 fusion-grid-archive fusion-grid-columns-2\" style=\"--awb-dots-align:center;--awb-columns:2;--awb-active-filter-border-size:3px;--awb-filters-height:36px;\"><ul class=\"fusion-grid fusion-grid-2 fusion-flex-align-items-flex-start fusion-grid-posts-cards\"><li class=\"fusion-layout-column fusion_builder_column fusion-builder-column-2 fusion-flex-column post-card fusion-grid-column fusion-post-cards-grid-column\" style=\"--awb-bg-color:#ffffff;--awb-bg-color-hover:#ffffff;--awb-bg-blend:overlay;--awb-bg-size:cover;\" data-scroll-devices=\"small-visibility,medium-visibility,large-visibility\"><div class=\"fusion-column-wrapper fusion-column-has-shadow fusion-flex-justify-content-flex-start fusion-content-layout-column\"><div class=\"fusion-image-element \" style=\"--awb-caption-title-font-family:var(--h2_typography-font-family);--awb-caption-title-font-weight:var(--h2_typography-font-weight);--awb-caption-title-font-style:var(--h2_typography-font-style);--awb-caption-title-size:var(--h2_typography-font-size);--awb-caption-title-transform:var(--h2_typography-text-transform);--awb-caption-title-line-height:var(--h2_typography-line-height);--awb-caption-title-letter-spacing:var(--h2_typography-letter-spacing);\"><span class=\" fusion-imageframe imageframe-none imageframe-1 hover-type-none\"><a href=\"https:\/\/www.isadorable-event.com\/wp-content\/uploads\/2025\/10\/rose.jpg\" class=\"fusion-lightbox\" data-rel=\"iLightbox[8df8c48047ed0dff77d]\" data-title=\"rose\" title=\"rose\"><img decoding=\"async\" width=\"700\" height=\"394\" src=\"https:\/\/www.isadorable-event.com\/wp-content\/uploads\/2025\/10\/rose.jpg\" data-orig-src=\"https:\/\/www.isadorable-event.com\/wp-content\/uploads\/2025\/10\/rose.jpg\" alt class=\"lazyload img-responsive wp-image-6005\" srcset=\"data:image\/svg+xml,%3Csvg%20xmlns%3D%27http%3A%2F%2Fwww.w3.org%2F2000%2Fsvg%27%20width%3D%27700%27%20height%3D%27394%27%20viewBox%3D%270%200%20700%20394%27%3E%3Crect%20width%3D%27700%27%20height%3D%27394%27%20fill-opacity%3D%220%22%2F%3E%3C%2Fsvg%3E\" data-srcset=\"https:\/\/www.isadorable-event.com\/wp-content\/uploads\/2025\/10\/rose-200x113.jpg 200w, https:\/\/www.isadorable-event.com\/wp-content\/uploads\/2025\/10\/rose-400x225.jpg 400w, https:\/\/www.isadorable-event.com\/wp-content\/uploads\/2025\/10\/rose-600x338.jpg 600w, https:\/\/www.isadorable-event.com\/wp-content\/uploads\/2025\/10\/rose.jpg 700w\" data-sizes=\"auto\" data-orig-sizes=\"(max-width: 1024px) 100vw, (max-width: 640px) 100vw, 700px\" \/><\/a><\/span><\/div><div class=\"fusion-title title fusion-title-2 fusion-title-text fusion-title-size-two\" style=\"--awb-text-color:#565656;--awb-margin-top:20px;--awb-margin-right:30px;--awb-margin-bottom:10px;--awb-margin-left:30px;--awb-font-size:30px;\"><div class=\"title-sep-container title-sep-container-left fusion-no-large-visibility fusion-no-medium-visibility fusion-no-small-visibility\"><div class=\"title-sep sep- sep-solid\" style=\"border-color:var(--awb-color3);\"><\/div><\/div><span class=\"awb-title-spacer fusion-no-large-visibility fusion-no-medium-visibility fusion-no-small-visibility\"><\/span><h2 class=\"fusion-title-heading title-heading-left fusion-responsive-typography-calculated\" style=\"font-family:&quot;Noto Serif&quot;;font-style:normal;font-weight:400;margin:0;font-size:1em;text-transform:none;--fontSize:30;line-height:var(--awb-typography1-line-height);\">50 nuances de roses : l\u2019incontournable de l\u2019automne-hiver 2025<\/h2><span class=\"awb-title-spacer\"><\/span><div class=\"title-sep-container title-sep-container-right\"><div class=\"title-sep sep- sep-solid\" style=\"border-color:var(--awb-color3);\"><\/div><\/div><\/div><div class=\"fusion-text fusion-text-2 fusion-text-no-margin\" style=\"--awb-font-size:16px;--awb-line-height:28px;--awb-text-color:#565656;--awb-margin-top:0px;--awb-margin-right:30px;--awb-margin-bottom:20px;--awb-margin-left:30px;--awb-text-font-family:&quot;Noto Serif&quot;;--awb-text-font-style:normal;--awb-text-font-weight:400;\"><p>Cet automne-hiver 2025, le rose s\u2019impose dans toutes ses nuances \u2014 du poudr\u00e9 au fuchsia \u00e9clatant.\nSymbole de douceur et d\u2019audace, il colore les collections des grandes maisons et s\u2019invite dans les looks du quotidien.\nD\u00e9couvrez vos nuances de rose pr\u00e9f\u00e9r\u00e9es en boutique !<\/p>\n<\/div><\/div><\/li>\n<\/ul><\/div><\/div><\/div><\/div><\/div><\/p>\n","protected":false},"excerpt":{"rendered":"","protected":false},"author":1,"featured_media":0,"parent":0,"menu_order":0,"comment_status":"closed","ping_status":"closed","template":"100-width.php","meta":{"footnotes":""},"class_list":["post-5992","page","type-page","status-publish","hentry"],"jetpack_sharing_enabled":true,"_links":{"self":[{"href":"https:\/\/www.isadorable-event.com\/index.php\/wp-json\/wp\/v2\/pages\/5992","targetHints":{"allow":["GET"]}}],"collection":[{"href":"https:\/\/www.isadorable-event.com\/index.php\/wp-json\/wp\/v2\/pages"}],"about":[{"href":"https:\/\/www.isadorable-event.com\/index.php\/wp-json\/wp\/v2\/types\/page"}],"author":[{"embeddable":true,"href":"https:\/\/www.isadorable-event.com\/index.php\/wp-json\/wp\/v2\/users\/1"}],"replies":[{"embeddable":true,"href":"https:\/\/www.isadorable-event.com\/index.php\/wp-json\/wp\/v2\/comments?post=5992"}],"version-history":[{"count":10,"href":"https:\/\/www.isadorable-event.com\/index.php\/wp-json\/wp\/v2\/pages\/5992\/revisions"}],"predecessor-version":[{"id":6179,"href":"https:\/\/www.isadorable-event.com\/index.php\/wp-json\/wp\/v2\/pages\/5992\/revisions\/6179"}],"wp:attachment":[{"href":"https:\/\/www.isadorable-event.com\/index.php\/wp-json\/wp\/v2\/media?parent=5992"}],"curies":[{"name":"wp","href":"https:\/\/api.w.org\/{rel}","templated":true}]}}