{"id":5786,"date":"2025-10-05T17:57:42","date_gmt":"2025-10-05T15:57:42","guid":{"rendered":"https:\/\/www.isadorable-event.com\/?page_id=5786"},"modified":"2026-02-15T16:10:02","modified_gmt":"2026-02-15T15:10:02","slug":"event","status":"publish","type":"page","link":"https:\/\/www.isadorable-event.com\/index.php\/event\/","title":{"rendered":"Event"},"content":{"rendered":"<p><div class=\"fusion-fullwidth fullwidth-box fusion-builder-row-1 fusion-flex-container has-pattern-background has-mask-background nonhundred-percent-fullwidth non-hundred-percent-height-scrolling\" style=\"--awb-border-radius-top-left:0px;--awb-border-radius-top-right:0px;--awb-border-radius-bottom-right:0px;--awb-border-radius-bottom-left:0px;--awb-padding-top:4vw;--awb-padding-right:30px;--awb-padding-bottom:4vw;--awb-padding-left:30px;--awb-padding-top-medium:40px;--awb-padding-right-medium:30px;--awb-padding-bottom-medium:40px;--awb-padding-left-medium:30px;--awb-padding-top-small:20px;--awb-padding-right-small:15px;--awb-padding-bottom-small:20px;--awb-padding-left-small:15px;--awb-margin-top:0px;--awb-margin-bottom:0px;--awb-margin-top-medium:0px;--awb-margin-bottom-medium:0px;--awb-margin-top-small:0px;--awb-margin-bottom-small:0px;--awb-background-color:#efefef;--awb-flex-wrap:wrap;\" ><div class=\"fusion-builder-row fusion-row fusion-flex-align-items-flex-start fusion-flex-justify-content-center fusion-flex-content-wrap\" style=\"max-width:1216.8px;margin-left: calc(-4% \/ 2 );margin-right: calc(-4% \/ 2 );\"><div class=\"fusion-layout-column fusion_builder_column fusion-builder-column-0 fusion_builder_column_1_5 1_5 fusion-flex-column fusion-flex-align-self-flex-end\" style=\"--awb-padding-top-medium:0px;--awb-padding-right-medium:0px;--awb-padding-bottom-medium:0px;--awb-padding-left-medium:0px;--awb-padding-top-small:0px;--awb-padding-right-small:0px;--awb-padding-bottom-small:0px;--awb-padding-left-small:0px;--awb-bg-size:cover;--awb-width-large:20%;--awb-margin-top-large:0px;--awb-spacing-right-large:9.6%;--awb-margin-bottom-large:0px;--awb-spacing-left-large:9.6%;--awb-width-medium:70%;--awb-order-medium:0;--awb-margin-top-medium:0px;--awb-spacing-right-medium:2.7428571428571%;--awb-margin-bottom-medium:0px;--awb-spacing-left-medium:2.7428571428571%;--awb-width-small:100%;--awb-order-small:0;--awb-margin-top-small:0px;--awb-spacing-right-small:1.92%;--awb-margin-bottom-small:0px;--awb-spacing-left-small:1.92%;\" data-scroll-devices=\"small-visibility,medium-visibility,large-visibility\"><div class=\"fusion-column-wrapper fusion-column-has-shadow fusion-flex-justify-content-flex-end fusion-content-layout-column\"><div class=\"fusion-image-element \" style=\"--awb-caption-title-font-family:var(--h2_typography-font-family);--awb-caption-title-font-weight:var(--h2_typography-font-weight);--awb-caption-title-font-style:var(--h2_typography-font-style);--awb-caption-title-size:var(--h2_typography-font-size);--awb-caption-title-transform:var(--h2_typography-text-transform);--awb-caption-title-line-height:var(--h2_typography-line-height);--awb-caption-title-letter-spacing:var(--h2_typography-letter-spacing);\"><span class=\" fusion-imageframe imageframe-dropshadow imageframe-1 hover-type-none\" style=\"border-radius:300px;-webkit-box-shadow: 5px 5px 9px rgba(211,211,211,0.3);box-shadow: 5px 5px 9px rgba(211,211,211,0.3);\"><img decoding=\"async\" width=\"600\" height=\"600\" title=\"disa2\" src=\"https:\/\/www.isadorable-event.com\/wp-content\/uploads\/2025\/10\/disa2.jpg\" data-orig-src=\"https:\/\/www.isadorable-event.com\/wp-content\/uploads\/2025\/10\/disa2.jpg\" alt class=\"lazyload img-responsive wp-image-5814\" srcset=\"data:image\/svg+xml,%3Csvg%20xmlns%3D%27http%3A%2F%2Fwww.w3.org%2F2000%2Fsvg%27%20width%3D%27600%27%20height%3D%27600%27%20viewBox%3D%270%200%20600%20600%27%3E%3Crect%20width%3D%27600%27%20height%3D%27600%27%20fill-opacity%3D%220%22%2F%3E%3C%2Fsvg%3E\" data-srcset=\"https:\/\/www.isadorable-event.com\/wp-content\/uploads\/2025\/10\/disa2-200x200.jpg 200w, https:\/\/www.isadorable-event.com\/wp-content\/uploads\/2025\/10\/disa2-400x400.jpg 400w, https:\/\/www.isadorable-event.com\/wp-content\/uploads\/2025\/10\/disa2.jpg 600w\" data-sizes=\"auto\" data-orig-sizes=\"(max-width: 1024px) 100vw, (max-width: 640px) 100vw, 200px\" \/><\/span><\/div><\/div><\/div><div class=\"fusion-layout-column fusion_builder_column fusion-builder-column-1 fusion_builder_column_1_2 1_2 fusion-flex-column fusion-flex-align-self-flex-start\" style=\"--awb-padding-top-medium:0px;--awb-padding-right-medium:0px;--awb-padding-bottom-medium:0px;--awb-padding-left-medium:0px;--awb-padding-top-small:0px;--awb-padding-right-small:0px;--awb-padding-bottom-small:0px;--awb-padding-left-small:0px;--awb-bg-size:cover;--awb-width-large:50%;--awb-margin-top-large:0px;--awb-spacing-right-large:3.84%;--awb-margin-bottom-large:0px;--awb-spacing-left-large:3.84%;--awb-width-medium:70%;--awb-order-medium:0;--awb-margin-top-medium:0px;--awb-spacing-right-medium:2.7428571428571%;--awb-margin-bottom-medium:0px;--awb-spacing-left-medium:2.7428571428571%;--awb-width-small:100%;--awb-order-small:0;--awb-margin-top-small:0px;--awb-spacing-right-small:1.92%;--awb-margin-bottom-small:0px;--awb-spacing-left-small:1.92%;\" data-scroll-devices=\"small-visibility,medium-visibility,large-visibility\"><div class=\"fusion-column-wrapper fusion-column-has-shadow fusion-flex-justify-content-flex-start fusion-content-layout-column\"><div class=\"fusion-text fusion-text-1 md-text-align-center sm-text-align-center fusion-text-no-margin\" style=\"--awb-content-alignment:left;--awb-font-size:16px;--awb-line-height:24px;--awb-text-color:#565656;--awb-margin-top:0px;--awb-margin-right:0px;--awb-margin-bottom:0px;--awb-margin-left:0px;--awb-text-font-family:&quot;Noto Serif&quot;;--awb-text-font-style:normal;--awb-text-font-weight:400;\"><div style=\"padding: 30px !important;\">\n<div class=\"fusion-text fusion-text-1 fusion-text-no-margin\">\n<p>Aujourd\u2019hui, j\u2019ai envie de vous offrir un moment \u00e0 part. Un \u00e9v\u00e9nement pens\u00e9 comme une parenth\u00e8se douce et inspirante, o\u00f9 chaque femme pourra se reconnecter \u00e0 son style, \u00e0 sa confiance et \u00e0 son \u00e9nergie.<\/p>\n<\/div>\n<\/div>\n<\/div><\/div><\/div><\/div><\/div><div class=\"fusion-fullwidth fullwidth-box fusion-builder-row-2 fusion-flex-container has-pattern-background has-mask-background nonhundred-percent-fullwidth non-hundred-percent-height-scrolling\" style=\"--awb-border-radius-top-left:0px;--awb-border-radius-top-right:0px;--awb-border-radius-bottom-right:0px;--awb-border-radius-bottom-left:0px;--awb-padding-top:4vw;--awb-padding-right:30px;--awb-padding-bottom:4vw;--awb-padding-left:30px;--awb-padding-top-medium:40px;--awb-padding-right-medium:30px;--awb-padding-bottom-medium:40px;--awb-padding-left-medium:30px;--awb-padding-top-small:20px;--awb-padding-right-small:15px;--awb-padding-bottom-small:20px;--awb-padding-left-small:15px;--awb-margin-top:0px;--awb-margin-bottom:0px;--awb-margin-top-medium:0px;--awb-margin-bottom-medium:0px;--awb-margin-top-small:0px;--awb-margin-bottom-small:0px;--awb-flex-wrap:wrap;\" ><div class=\"fusion-builder-row fusion-row fusion-flex-align-items-flex-start fusion-flex-content-wrap\" style=\"max-width:1216.8px;margin-left: calc(-4% \/ 2 );margin-right: calc(-4% \/ 2 );\"><div class=\"fusion-layout-column fusion_builder_column fusion-builder-column-2 fusion_builder_column_1_1 1_1 fusion-flex-column fusion-flex-align-self-flex-end\" style=\"--awb-padding-top-medium:0px;--awb-padding-right-medium:0px;--awb-padding-bottom-medium:0px;--awb-padding-left-medium:0px;--awb-padding-top-small:0px;--awb-padding-right-small:0px;--awb-padding-bottom-small:0px;--awb-padding-left-small:0px;--awb-bg-size:cover;--awb-width-large:100%;--awb-margin-top-large:0px;--awb-spacing-right-large:1.92%;--awb-margin-bottom-large:0px;--awb-spacing-left-large:1.92%;--awb-width-medium:70%;--awb-order-medium:0;--awb-margin-top-medium:0px;--awb-spacing-right-medium:2.7428571428571%;--awb-margin-bottom-medium:0px;--awb-spacing-left-medium:2.7428571428571%;--awb-width-small:100%;--awb-order-small:0;--awb-margin-top-small:0px;--awb-spacing-right-small:1.92%;--awb-margin-bottom-small:0px;--awb-spacing-left-small:1.92%;\" data-scroll-devices=\"small-visibility,medium-visibility,large-visibility\"><div class=\"fusion-column-wrapper fusion-column-has-shadow fusion-flex-justify-content-flex-end fusion-content-layout-column\"><div class=\"fusion-post-cards fusion-post-cards-1 fusion-grid-archive fusion-grid-columns-4\" style=\"--awb-dots-align:center;--awb-active-filter-border-size:3px;--awb-filters-height:36px;\"><ul class=\"fusion-grid fusion-grid-4 fusion-flex-align-items-flex-start fusion-grid-posts-cards\"><li class=\"fusion-layout-column fusion_builder_column fusion-builder-column-3 fusion-flex-column post-card fusion-grid-column fusion-post-cards-grid-column\" style=\"--awb-bg-blend:overlay;--awb-bg-size:cover;\" data-scroll-devices=\"small-visibility,medium-visibility,large-visibility\"><div class=\"fusion-column-wrapper fusion-column-has-shadow fusion-flex-justify-content-flex-start fusion-content-layout-column\"><div class=\"fusion-title title fusion-title-1 fusion-title-center fusion-title-text fusion-title-size-one\" style=\"--awb-font-size:20px;\"><div class=\"title-sep-container title-sep-container-left\"><div class=\"title-sep sep- sep-solid\" style=\"border-color:var(--awb-color3);\"><\/div><\/div><span class=\"awb-title-spacer\"><\/span><h1 class=\"fusion-title-heading title-heading-center fusion-responsive-typography-calculated\" style=\"font-family:&quot;Noto Serif&quot;;font-style:normal;font-weight:400;margin:0;font-size:1em;text-transform:capitalize;--fontSize:20;--minFontSize:20;line-height:0;\">Vide dressing Rose 2025<\/h1><span class=\"awb-title-spacer\"><\/span><div class=\"title-sep-container title-sep-container-right\"><div class=\"title-sep sep- sep-solid\" style=\"border-color:var(--awb-color3);\"><\/div><\/div><\/div><div class=\"fusion-image-element \" style=\"--awb-caption-title-font-family:var(--h2_typography-font-family);--awb-caption-title-font-weight:var(--h2_typography-font-weight);--awb-caption-title-font-style:var(--h2_typography-font-style);--awb-caption-title-size:var(--h2_typography-font-size);--awb-caption-title-transform:var(--h2_typography-text-transform);--awb-caption-title-line-height:var(--h2_typography-line-height);--awb-caption-title-letter-spacing:var(--h2_typography-letter-spacing);\"><span class=\" fusion-imageframe imageframe-dropshadow imageframe-2 hover-type-none\" style=\"-webkit-box-shadow: 6px 6px 10px rgba(145,145,145,0.3);box-shadow: 6px 6px 10px rgba(145,145,145,0.3);\"><img decoding=\"async\" width=\"500\" height=\"707\" title=\"aks1\" src=\"https:\/\/www.isadorable-event.com\/wp-content\/uploads\/2025\/10\/aks1.jpg\" data-orig-src=\"https:\/\/www.isadorable-event.com\/wp-content\/uploads\/2025\/10\/aks1.jpg\" alt class=\"lazyload img-responsive wp-image-5857\" srcset=\"data:image\/svg+xml,%3Csvg%20xmlns%3D%27http%3A%2F%2Fwww.w3.org%2F2000%2Fsvg%27%20width%3D%27500%27%20height%3D%27707%27%20viewBox%3D%270%200%20500%20707%27%3E%3Crect%20width%3D%27500%27%20height%3D%27707%27%20fill-opacity%3D%220%22%2F%3E%3C%2Fsvg%3E\" data-srcset=\"https:\/\/www.isadorable-event.com\/wp-content\/uploads\/2025\/10\/aks1-200x283.jpg 200w, https:\/\/www.isadorable-event.com\/wp-content\/uploads\/2025\/10\/aks1-400x566.jpg 400w, https:\/\/www.isadorable-event.com\/wp-content\/uploads\/2025\/10\/aks1.jpg 500w\" data-sizes=\"auto\" data-orig-sizes=\"(max-width: 1024px) 100vw, (max-width: 640px) 100vw, 500px\" \/><\/span><\/div><div style=\"text-align:center;\"><a class=\"fusion-button button-flat fusion-button-default-size button-custom fusion-button-default button-1 fusion-button-default-span fusion-button-default-type btnevent fusion-has-button-gradient\" style=\"--button_accent_color:#ffffff;--button_border_color:#d43e7b;--button_accent_hover_color:#d43e7b;--button_border_hover_color:#d43e7b;--button_border_width-top:2px;--button_border_width-right:2px;--button_border_width-bottom:2px;--button_border_width-left:2px;--button-border-radius-top-left:30px;--button-border-radius-top-right:30px;--button-border-radius-bottom-right:30px;--button-border-radius-bottom-left:30px;--button_gradient_top_color:#ffffff;--button_gradient_bottom_color:#d43e7b;--button_gradient_top_color_hover:#d43e7b;--button_gradient_bottom_color_hover:#d43e7b;--button_font_size:14px;--button_line_height:22px;--button_padding-top:5px;--button_padding-right:30px;--button_padding-bottom:5px;--button_padding-left:30px;--button_typography-font-family:&quot;Noto Serif&quot;;--button_typography-font-style:normal;--button_typography-font-weight:400;--button_margin-top:20px;--button_margin-right:0px;--button_margin-bottom:0px;--button_margin-left:0px;\" target=\"_self\" href=\"https:\/\/www.isadorable-event.com\/index.php\/portfolio-items\/cousu-francais\/\"><span class=\"fusion-button-text\">Plus d'infos<\/span><i class=\"fa-angle-right fas button-icon-right\" aria-hidden=\"true\"><\/i><\/a><\/div><\/div><\/li>\n<li class=\"fusion-layout-column fusion_builder_column fusion-builder-column-4 fusion-flex-column post-card fusion-grid-column fusion-post-cards-grid-column\" style=\"--awb-bg-blend:overlay;--awb-bg-size:cover;\" data-scroll-devices=\"small-visibility,medium-visibility,large-visibility\"><div class=\"fusion-column-wrapper fusion-column-has-shadow fusion-flex-justify-content-flex-start fusion-content-layout-column\"><div class=\"fusion-title title fusion-title-2 fusion-title-center fusion-title-text fusion-title-size-one\" style=\"--awb-font-size:20px;\"><div class=\"title-sep-container title-sep-container-left\"><div class=\"title-sep sep- sep-solid\" style=\"border-color:var(--awb-color3);\"><\/div><\/div><span class=\"awb-title-spacer\"><\/span><h1 class=\"fusion-title-heading title-heading-center fusion-responsive-typography-calculated\" style=\"font-family:&quot;Noto Serif&quot;;font-style:normal;font-weight:400;margin:0;font-size:1em;text-transform:capitalize;--fontSize:20;--minFontSize:20;line-height:0;\">Octobre Rose 2K24<\/h1><span class=\"awb-title-spacer\"><\/span><div class=\"title-sep-container title-sep-container-right\"><div class=\"title-sep sep- sep-solid\" style=\"border-color:var(--awb-color3);\"><\/div><\/div><\/div><div class=\"fusion-image-element \" style=\"--awb-caption-title-font-family:var(--h2_typography-font-family);--awb-caption-title-font-weight:var(--h2_typography-font-weight);--awb-caption-title-font-style:var(--h2_typography-font-style);--awb-caption-title-size:var(--h2_typography-font-size);--awb-caption-title-transform:var(--h2_typography-text-transform);--awb-caption-title-line-height:var(--h2_typography-line-height);--awb-caption-title-letter-spacing:var(--h2_typography-letter-spacing);\"><span class=\" fusion-imageframe imageframe-dropshadow imageframe-3 hover-type-none\" style=\"-webkit-box-shadow: 6px 6px 10px rgba(145,145,145,0.3);box-shadow: 6px 6px 10px rgba(145,145,145,0.3);\"><img decoding=\"async\" width=\"500\" height=\"707\" title=\"sdfdaks1 copie\" src=\"https:\/\/www.isadorable-event.com\/wp-content\/uploads\/2025\/10\/sdfdaks1-copie.jpg\" data-orig-src=\"https:\/\/www.isadorable-event.com\/wp-content\/uploads\/2025\/10\/sdfdaks1-copie.jpg\" alt class=\"lazyload img-responsive wp-image-5896\" srcset=\"data:image\/svg+xml,%3Csvg%20xmlns%3D%27http%3A%2F%2Fwww.w3.org%2F2000%2Fsvg%27%20width%3D%27500%27%20height%3D%27707%27%20viewBox%3D%270%200%20500%20707%27%3E%3Crect%20width%3D%27500%27%20height%3D%27707%27%20fill-opacity%3D%220%22%2F%3E%3C%2Fsvg%3E\" data-srcset=\"https:\/\/www.isadorable-event.com\/wp-content\/uploads\/2025\/10\/sdfdaks1-copie-200x283.jpg 200w, https:\/\/www.isadorable-event.com\/wp-content\/uploads\/2025\/10\/sdfdaks1-copie-400x566.jpg 400w, https:\/\/www.isadorable-event.com\/wp-content\/uploads\/2025\/10\/sdfdaks1-copie.jpg 500w\" data-sizes=\"auto\" data-orig-sizes=\"(max-width: 1024px) 100vw, (max-width: 640px) 100vw, 500px\" \/><\/span><\/div><div style=\"text-align:center;\"><a class=\"fusion-button button-flat fusion-button-default-size button-custom fusion-button-default button-2 fusion-button-default-span fusion-button-default-type btnevent fusion-has-button-gradient\" style=\"--button_accent_color:#ffffff;--button_border_color:#d43e7b;--button_accent_hover_color:#d43e7b;--button_border_hover_color:#d43e7b;--button_border_width-top:2px;--button_border_width-right:2px;--button_border_width-bottom:2px;--button_border_width-left:2px;--button-border-radius-top-left:30px;--button-border-radius-top-right:30px;--button-border-radius-bottom-right:30px;--button-border-radius-bottom-left:30px;--button_gradient_top_color:#ffffff;--button_gradient_bottom_color:#d43e7b;--button_gradient_top_color_hover:#d43e7b;--button_gradient_bottom_color_hover:#d43e7b;--button_font_size:14px;--button_line_height:22px;--button_padding-top:5px;--button_padding-right:30px;--button_padding-bottom:5px;--button_padding-left:30px;--button_typography-font-family:&quot;Noto Serif&quot;;--button_typography-font-style:normal;--button_typography-font-weight:400;--button_margin-top:20px;--button_margin-right:0px;--button_margin-bottom:0px;--button_margin-left:0px;\" target=\"_self\" href=\"https:\/\/www.isadorable-event.com\/index.php\/portfolio-items\/octobre-rose-2k24\/\"><span class=\"fusion-button-text\">Plus d'infos<\/span><i class=\"fa-angle-right fas button-icon-right\" aria-hidden=\"true\"><\/i><\/a><\/div><\/div><\/li>\n<\/ul><\/div><\/div><\/div><\/div><\/div><\/p>\n","protected":false},"excerpt":{"rendered":"","protected":false},"author":1,"featured_media":0,"parent":0,"menu_order":0,"comment_status":"closed","ping_status":"closed","template":"100-width.php","meta":{"footnotes":""},"class_list":["post-5786","page","type-page","status-publish","hentry"],"jetpack_sharing_enabled":true,"_links":{"self":[{"href":"https:\/\/www.isadorable-event.com\/index.php\/wp-json\/wp\/v2\/pages\/5786","targetHints":{"allow":["GET"]}}],"collection":[{"href":"https:\/\/www.isadorable-event.com\/index.php\/wp-json\/wp\/v2\/pages"}],"about":[{"href":"https:\/\/www.isadorable-event.com\/index.php\/wp-json\/wp\/v2\/types\/page"}],"author":[{"embeddable":true,"href":"https:\/\/www.isadorable-event.com\/index.php\/wp-json\/wp\/v2\/users\/1"}],"replies":[{"embeddable":true,"href":"https:\/\/www.isadorable-event.com\/index.php\/wp-json\/wp\/v2\/comments?post=5786"}],"version-history":[{"count":32,"href":"https:\/\/www.isadorable-event.com\/index.php\/wp-json\/wp\/v2\/pages\/5786\/revisions"}],"predecessor-version":[{"id":6180,"href":"https:\/\/www.isadorable-event.com\/index.php\/wp-json\/wp\/v2\/pages\/5786\/revisions\/6180"}],"wp:attachment":[{"href":"https:\/\/www.isadorable-event.com\/index.php\/wp-json\/wp\/v2\/media?parent=5786"}],"curies":[{"name":"wp","href":"https:\/\/api.w.org\/{rel}","templated":true}]}}